{"id":2272,"date":"2026-04-14T15:13:29","date_gmt":"2026-04-14T13:13:29","guid":{"rendered":"https:\/\/superoakway.eu\/?post_type=product&#038;p=2272"},"modified":"2026-04-14T15:22:50","modified_gmt":"2026-04-14T13:22:50","slug":"hy18e1-sarga-minikotro","status":"publish","type":"product","link":"https:\/\/superoakway.eu\/en\/product\/hy18e1-sarga-minikotro\/","title":{"rendered":"HY18E1 s\u00e1rga minikotr\u00f3"},"content":{"rendered":"","protected":false},"excerpt":{"rendered":"<p><a href=\"https:\/\/superoakway.eu\/wp-content\/uploads\/HY18D1-technical.pdf\" target=\"_blank\" rel=\"noopener\">Documentation<\/a><\/p>\n<p>FEATURES:\u00a0<strong>Joystick (pilot), oldalir\u00e1ny\u00fa leng\u00e9s<\/strong><br \/>\nACCESSORY:\u00a0<strong>F\u00e9lautomata gyorscsatlakoz\u00f3<\/strong><\/p>\n<p>Engine: <strong>KM385B\/ Kubota D722<\/strong><br \/>\nTravel speed\u00a0<strong>18,8 kW \/ 10,2 kW<\/strong><br \/>\nBucket capacity:\u00a0<strong>0,03 m\u00b3<\/strong><br \/>\nMaximum dumping height:\u00a0<strong>2285 mm<\/strong><br \/>\nMaximum digging depth:\u00a0<strong>2050 mm<\/strong><br \/>\nOperating weight:\u00a0<strong>1800 kg<\/strong><br \/>\nOverall dimensions (L\u00d7W\u00d7H):\u00a0<strong>3345\u00d71100\u00d72275 mm<\/strong><br \/>\nTrack length:\u00a0<strong>1005 mm<\/strong><br \/>\nTrack width:\u00a0<strong>230 mm<\/strong><\/p>","protected":false},"featured_media":2273,"template":"","meta":{"slim_seo":{"title":"HY18E1 s\u00e1rga minikotr\u00f3 - Oakway","description":"Dokument\u00e1ci\u00f3 FELSZERELTS\u00c9G:\u00a0 Joystick (pilot), oldalir\u00e1ny\u00fa leng\u00e9s TARTOZ\u00c9K:\u00a0 F\u00e9lautomata gyorscsatlakoz\u00f3 Motor: KM385B\/ Kubota D722 Teljes\u00edtm\u00e9ny:\u00a0 18,8 kW \/ 10,"}},"product_brand":[],"product_cat":[26],"product_tag":[],"class_list":{"0":"post-2272","1":"product","2":"type-product","3":"status-publish","4":"has-post-thumbnail","6":"product_cat-minikotrok","8":"first","9":"instock","10":"taxable","11":"shipping-taxable","12":"purchasable","13":"product-type-simple"},"_links":{"self":[{"href":"https:\/\/superoakway.eu\/en\/wp-json\/wp\/v2\/product\/2272","targetHints":{"allow":["GET"]}}],"collection":[{"href":"https:\/\/superoakway.eu\/en\/wp-json\/wp\/v2\/product"}],"about":[{"href":"https:\/\/superoakway.eu\/en\/wp-json\/wp\/v2\/types\/product"}],"version-history":[{"count":2,"href":"https:\/\/superoakway.eu\/en\/wp-json\/wp\/v2\/product\/2272\/revisions"}],"predecessor-version":[{"id":2279,"href":"https:\/\/superoakway.eu\/en\/wp-json\/wp\/v2\/product\/2272\/revisions\/2279"}],"wp:featuredmedia":[{"embeddable":true,"href":"https:\/\/superoakway.eu\/en\/wp-json\/wp\/v2\/media\/2273"}],"wp:attachment":[{"href":"https:\/\/superoakway.eu\/en\/wp-json\/wp\/v2\/media?parent=2272"}],"wp:term":[{"taxonomy":"product_brand","embeddable":true,"href":"https:\/\/superoakway.eu\/en\/wp-json\/wp\/v2\/product_brand?post=2272"},{"taxonomy":"product_cat","embeddable":true,"href":"https:\/\/superoakway.eu\/en\/wp-json\/wp\/v2\/product_cat?post=2272"},{"taxonomy":"product_tag","embeddable":true,"href":"https:\/\/superoakway.eu\/en\/wp-json\/wp\/v2\/product_tag?post=2272"}],"curies":[{"name":"wp","href":"https:\/\/api.w.org\/{rel}","templated":true}]}}