{"id":2269,"date":"2026-04-14T14:56:12","date_gmt":"2026-04-14T12:56:12","guid":{"rendered":"https:\/\/superoakway.eu\/?post_type=product&#038;p=2269"},"modified":"2026-04-14T15:16:40","modified_gmt":"2026-04-14T13:16:40","slug":"hy10k2-sarga-minikotro","status":"publish","type":"product","link":"https:\/\/superoakway.eu\/en\/product\/hy10k2-sarga-minikotro\/","title":{"rendered":"HY10K2 s\u00e1rga minikotr\u00f3"},"content":{"rendered":"","protected":false},"excerpt":{"rendered":"<p><a href=\"https:\/\/superoakway.eu\/wp-content\/uploads\/HY12D2-technical.pdf\" target=\"_blank\" rel=\"noopener\">Documentation<\/a><\/p>\n<p>FEATURES:\u00a0<strong>Mechanikus, oldalir\u00e1ny\u00fa leng\u00e9s<\/strong><\/p>\n<p>Engine: <strong>Koop \/\u00a0 Briggs &amp; Stratton<\/strong><br \/>\nTravel speed <strong>7,6 kW \/ 8,6 kW\u00a0<\/strong><br \/>\nBucket capacity: <strong>0,022 m\u00b3<\/strong><br \/>\nMaximum dumping height: <strong>1650 mm<\/strong><br \/>\nMaximum digging depth: <strong>1760 mm<\/strong><br \/>\nOperating weight: <strong>1000 kg<\/strong><br \/>\nOverall dimensions (L\u00d7W\u00d7H): <strong>2770\u00d7930\u00d72200 mm<\/strong><br \/>\nTrack length: <strong>1200 mm<\/strong><br \/>\nTrack width: <strong>180 mm<\/strong><\/p>\n<p data-start=\"1246\" data-end=\"1288\">","protected":false},"featured_media":2270,"template":"","meta":{"slim_seo":{"title":"HY10K2 s\u00e1rga minikotr\u00f3 - Oakway","description":"Dokument\u00e1ci\u00f3 FELSZERELTS\u00c9G:\u00a0 Mechanikus, oldalir\u00e1ny\u00fa leng\u00e9s Motor: Koop \/\u00a0 Briggs &amp; Stratton Teljes\u00edtm\u00e9ny: 7,6 kW \/ 8,6 kW\u00a0 Kan\u00e1lkapacit\u00e1s: 0,022 m\u00b3 Maxim\u00e1l"}},"product_brand":[],"product_cat":[26],"product_tag":[],"class_list":{"0":"post-2269","1":"product","2":"type-product","3":"status-publish","4":"has-post-thumbnail","6":"product_cat-minikotrok","8":"first","9":"instock","10":"taxable","11":"shipping-taxable","12":"purchasable","13":"product-type-simple"},"_links":{"self":[{"href":"https:\/\/superoakway.eu\/en\/wp-json\/wp\/v2\/product\/2269","targetHints":{"allow":["GET"]}}],"collection":[{"href":"https:\/\/superoakway.eu\/en\/wp-json\/wp\/v2\/product"}],"about":[{"href":"https:\/\/superoakway.eu\/en\/wp-json\/wp\/v2\/types\/product"}],"version-history":[{"count":2,"href":"https:\/\/superoakway.eu\/en\/wp-json\/wp\/v2\/product\/2269\/revisions"}],"predecessor-version":[{"id":2278,"href":"https:\/\/superoakway.eu\/en\/wp-json\/wp\/v2\/product\/2269\/revisions\/2278"}],"wp:featuredmedia":[{"embeddable":true,"href":"https:\/\/superoakway.eu\/en\/wp-json\/wp\/v2\/media\/2270"}],"wp:attachment":[{"href":"https:\/\/superoakway.eu\/en\/wp-json\/wp\/v2\/media?parent=2269"}],"wp:term":[{"taxonomy":"product_brand","embeddable":true,"href":"https:\/\/superoakway.eu\/en\/wp-json\/wp\/v2\/product_brand?post=2269"},{"taxonomy":"product_cat","embeddable":true,"href":"https:\/\/superoakway.eu\/en\/wp-json\/wp\/v2\/product_cat?post=2269"},{"taxonomy":"product_tag","embeddable":true,"href":"https:\/\/superoakway.eu\/en\/wp-json\/wp\/v2\/product_tag?post=2269"}],"curies":[{"name":"wp","href":"https:\/\/api.w.org\/{rel}","templated":true}]}}