{"id":1666,"date":"2025-10-18T17:45:13","date_gmt":"2025-10-18T15:45:13","guid":{"rendered":"https:\/\/superoakway.eu\/?post_type=product&#038;p=1666"},"modified":"2026-02-25T15:11:18","modified_gmt":"2026-02-25T14:11:18","slug":"hy-b08c2","status":"publish","type":"product","link":"https:\/\/superoakway.eu\/en\/product\/hy-b08c2\/","title":{"rendered":"HY-B08C2"},"content":{"rendered":"","protected":false},"excerpt":{"rendered":"<p><a href=\"https:\/\/superoakway.eu\/wp-content\/uploads\/HY-B08C2.pdf\" target=\"_blank\" rel=\"noopener\">Documentation<\/a><\/p>\n<p>FEATURES: <strong>K\u00e9tszeres sebess\u00e9g, elektromos ind\u00edt\u00e1s, billenthet\u0151 plat\u00f3<\/strong><\/p>","protected":false},"featured_media":1841,"template":"","meta":{"slim_seo":{"title":"HY-B08C2 - Oakway","description":"Dokument\u00e1ci\u00f3 FELSZERELTS\u00c9G: K\u00e9tszeres sebess\u00e9g, elektromos ind\u00edt\u00e1s, billenthet\u0151 plat\u00f3"}},"product_brand":[],"product_cat":[28],"product_tag":[],"class_list":{"0":"post-1666","1":"product","2":"type-product","3":"status-publish","4":"has-post-thumbnail","6":"product_cat-mini-domperek","8":"first","9":"instock","10":"taxable","11":"shipping-taxable","12":"purchasable","13":"product-type-simple"},"_links":{"self":[{"href":"https:\/\/superoakway.eu\/en\/wp-json\/wp\/v2\/product\/1666","targetHints":{"allow":["GET"]}}],"collection":[{"href":"https:\/\/superoakway.eu\/en\/wp-json\/wp\/v2\/product"}],"about":[{"href":"https:\/\/superoakway.eu\/en\/wp-json\/wp\/v2\/types\/product"}],"version-history":[{"count":3,"href":"https:\/\/superoakway.eu\/en\/wp-json\/wp\/v2\/product\/1666\/revisions"}],"predecessor-version":[{"id":2261,"href":"https:\/\/superoakway.eu\/en\/wp-json\/wp\/v2\/product\/1666\/revisions\/2261"}],"wp:featuredmedia":[{"embeddable":true,"href":"https:\/\/superoakway.eu\/en\/wp-json\/wp\/v2\/media\/1841"}],"wp:attachment":[{"href":"https:\/\/superoakway.eu\/en\/wp-json\/wp\/v2\/media?parent=1666"}],"wp:term":[{"taxonomy":"product_brand","embeddable":true,"href":"https:\/\/superoakway.eu\/en\/wp-json\/wp\/v2\/product_brand?post=1666"},{"taxonomy":"product_cat","embeddable":true,"href":"https:\/\/superoakway.eu\/en\/wp-json\/wp\/v2\/product_cat?post=1666"},{"taxonomy":"product_tag","embeddable":true,"href":"https:\/\/superoakway.eu\/en\/wp-json\/wp\/v2\/product_tag?post=1666"}],"curies":[{"name":"wp","href":"https:\/\/api.w.org\/{rel}","templated":true}]}}