{"id":1664,"date":"2025-10-18T17:44:51","date_gmt":"2025-10-18T15:44:51","guid":{"rendered":"https:\/\/superoakway.eu\/?post_type=product&#038;p=1664"},"modified":"2026-02-25T15:12:11","modified_gmt":"2026-02-25T14:12:11","slug":"hy-b05c1","status":"publish","type":"product","link":"https:\/\/superoakway.eu\/en\/product\/hy-b05c1\/","title":{"rendered":"HY-B05C1 yellow mini dumper"},"content":{"rendered":"","protected":false},"excerpt":{"rendered":"<p><a href=\"https:\/\/superoakway.eu\/wp-content\/uploads\/HY-B05C1.pdf\" target=\"_blank\" rel=\"noopener\">Documentation<\/a><\/p>\n<p>FEATURES: <strong>Single speed, electric start, tiltable cargo bed<\/strong><\/p>\n<p>Engine:\u00a0<strong>Briggs &amp; Stratton 130G<\/strong><br \/>\nEngine power:\u00a0<strong>4,8 kW \/ 6.5 l\u00f3er\u0151<br \/>\n<\/strong>Overall dimensions (L\u00d7W\u00d7H):\u00a0<strong>1517\u00d7870\u00d71278 mm<br \/>\n<\/strong>Gradeability:\u00a0<strong>20\u00b0<br \/>\n<\/strong>Maximum load: <strong>500 kg<br \/>\n<\/strong>Travel speed: <strong>1,7\u20133,5 km\/h<br \/>\n<\/strong>Weight: <strong>400 kg<\/strong><\/p>\n<p><strong>RENDELHET\u0150!<\/strong><\/p>","protected":false},"featured_media":1832,"template":"","meta":{"slim_seo":{"title":"HY-B05C1 s\u00e1rga mini d\u00f6mper - Oakway","description":"Dokument\u00e1ci\u00f3 FELSZERELTS\u00c9G: Egyszeres sebess\u00e9g, elektromos ind\u00edt\u00e1s, billenthet\u0151 plat\u00f3 Motor:\u00a0 Briggs &amp; Stratton 130G Motorteljes\u00edtm\u00e9ny:\u00a0 4,8 kW \/ 6.5 l\u00f3er\u0151"}},"product_brand":[],"product_cat":[28],"product_tag":[],"class_list":{"0":"post-1664","1":"product","2":"type-product","3":"status-publish","4":"has-post-thumbnail","6":"product_cat-mini-domperek","8":"first","9":"instock","10":"taxable","11":"shipping-taxable","12":"product-type-simple"},"_links":{"self":[{"href":"https:\/\/superoakway.eu\/en\/wp-json\/wp\/v2\/product\/1664","targetHints":{"allow":["GET"]}}],"collection":[{"href":"https:\/\/superoakway.eu\/en\/wp-json\/wp\/v2\/product"}],"about":[{"href":"https:\/\/superoakway.eu\/en\/wp-json\/wp\/v2\/types\/product"}],"version-history":[{"count":6,"href":"https:\/\/superoakway.eu\/en\/wp-json\/wp\/v2\/product\/1664\/revisions"}],"predecessor-version":[{"id":2060,"href":"https:\/\/superoakway.eu\/en\/wp-json\/wp\/v2\/product\/1664\/revisions\/2060"}],"wp:featuredmedia":[{"embeddable":true,"href":"https:\/\/superoakway.eu\/en\/wp-json\/wp\/v2\/media\/1832"}],"wp:attachment":[{"href":"https:\/\/superoakway.eu\/en\/wp-json\/wp\/v2\/media?parent=1664"}],"wp:term":[{"taxonomy":"product_brand","embeddable":true,"href":"https:\/\/superoakway.eu\/en\/wp-json\/wp\/v2\/product_brand?post=1664"},{"taxonomy":"product_cat","embeddable":true,"href":"https:\/\/superoakway.eu\/en\/wp-json\/wp\/v2\/product_cat?post=1664"},{"taxonomy":"product_tag","embeddable":true,"href":"https:\/\/superoakway.eu\/en\/wp-json\/wp\/v2\/product_tag?post=1664"}],"curies":[{"name":"wp","href":"https:\/\/api.w.org\/{rel}","templated":true}]}}