{"id":1662,"date":"2025-10-18T17:44:10","date_gmt":"2025-10-18T15:44:10","guid":{"rendered":"https:\/\/superoakway.eu\/?post_type=product&#038;p=1662"},"modified":"2026-02-25T14:38:36","modified_gmt":"2026-02-25T13:38:36","slug":"hy380wc3","status":"publish","type":"product","link":"https:\/\/superoakway.eu\/en\/product\/hy380wc3\/","title":{"rendered":"HY380WC3"},"content":{"rendered":"","protected":false},"excerpt":{"rendered":"<p><a href=\"https:\/\/superoakway.eu\/wp-content\/uploads\/HY380WC3.pdf\" target=\"_blank\" rel=\"noopener\">Documentation<\/a><\/p>\n<p>FEATURES: <strong>Hazai rendszer, h\u00e1romszivatty\u00fas\u2013h\u00e1romszelepes<\/strong><\/p>","protected":false},"featured_media":1824,"template":"","meta":{"slim_seo":{"title":"HY380WC3 - Oakway","description":"Dokument\u00e1ci\u00f3 FELSZERELTS\u00c9G: Hazai rendszer, h\u00e1romszivatty\u00fas\u2013h\u00e1romszelepes"}},"product_brand":[],"product_cat":[27],"product_tag":[],"class_list":{"0":"post-1662","1":"product","2":"type-product","3":"status-publish","4":"has-post-thumbnail","6":"product_cat-mini-rakodok","8":"first","9":"instock","10":"taxable","11":"shipping-taxable","12":"purchasable","13":"product-type-simple"},"_links":{"self":[{"href":"https:\/\/superoakway.eu\/en\/wp-json\/wp\/v2\/product\/1662","targetHints":{"allow":["GET"]}}],"collection":[{"href":"https:\/\/superoakway.eu\/en\/wp-json\/wp\/v2\/product"}],"about":[{"href":"https:\/\/superoakway.eu\/en\/wp-json\/wp\/v2\/types\/product"}],"version-history":[{"count":4,"href":"https:\/\/superoakway.eu\/en\/wp-json\/wp\/v2\/product\/1662\/revisions"}],"predecessor-version":[{"id":1831,"href":"https:\/\/superoakway.eu\/en\/wp-json\/wp\/v2\/product\/1662\/revisions\/1831"}],"wp:featuredmedia":[{"embeddable":true,"href":"https:\/\/superoakway.eu\/en\/wp-json\/wp\/v2\/media\/1824"}],"wp:attachment":[{"href":"https:\/\/superoakway.eu\/en\/wp-json\/wp\/v2\/media?parent=1662"}],"wp:term":[{"taxonomy":"product_brand","embeddable":true,"href":"https:\/\/superoakway.eu\/en\/wp-json\/wp\/v2\/product_brand?post=1662"},{"taxonomy":"product_cat","embeddable":true,"href":"https:\/\/superoakway.eu\/en\/wp-json\/wp\/v2\/product_cat?post=1662"},{"taxonomy":"product_tag","embeddable":true,"href":"https:\/\/superoakway.eu\/en\/wp-json\/wp\/v2\/product_tag?post=1662"}],"curies":[{"name":"wp","href":"https:\/\/api.w.org\/{rel}","templated":true}]}}