{"id":1660,"date":"2025-10-18T17:43:32","date_gmt":"2025-10-18T15:43:32","guid":{"rendered":"https:\/\/superoakway.eu\/?post_type=product&#038;p=1660"},"modified":"2026-02-25T14:39:49","modified_gmt":"2026-02-25T13:39:49","slug":"hy480xc3","status":"publish","type":"product","link":"https:\/\/superoakway.eu\/en\/product\/hy480xc3\/","title":{"rendered":"HY480XC3 yellow mini loader"},"content":{"rendered":"","protected":false},"excerpt":{"rendered":"<p><a href=\"https:\/\/superoakway.eu\/wp-content\/uploads\/HY480XC3-technical.pdf\" target=\"_blank\" rel=\"noopener\">Documentation<\/a><\/p>\n<p>FEATURES: <strong>Hazai rendszer, h\u00e1romszivatty\u00fas\u2013h\u00e1romszelepes<\/strong><\/p>\n<p data-start=\"1192\" data-end=\"1223\">Engine: <strong>Briggs &amp; Stratton 3864<\/strong><br \/>\nEngine power: <strong>16,9 kW \/ 3600 ford.\/perc<\/strong><br \/>\nBucket capacity: <strong>0,15 m\u00b3<\/strong><br \/>\nMaximum dumping height: <strong>2100 mm<\/strong><br \/>\nTravel speed: <strong>0\u20136 km\/h<\/strong><br \/>\nGradeability: <strong>30\u00b0<\/strong><br \/>\nOperating weight: <strong>920 kg<\/strong><br \/>\nOverall dimensions (L\u00d7W\u00d7H): <strong>2285\u00d71150\u00d71270 mm<\/strong><\/p>","protected":false},"featured_media":1808,"template":"","meta":{"slim_seo":{"title":"HY480XC3 s\u00e1rga mini rakod\u00f3 - Oakway","description":"Dokument\u00e1ci\u00f3 FELSZERELTS\u00c9G: Hazai rendszer, h\u00e1romszivatty\u00fas\u2013h\u00e1romszelepes Motor: Briggs &amp; Stratton 3864 Motorteljes\u00edtm\u00e9ny: 16,9 kW \/ 3600 ford.\/perc Kan\u00e1lka"}},"product_brand":[],"product_cat":[27],"product_tag":[],"class_list":{"0":"post-1660","1":"product","2":"type-product","3":"status-publish","4":"has-post-thumbnail","6":"product_cat-mini-rakodok","8":"first","9":"instock","10":"taxable","11":"shipping-taxable","12":"purchasable","13":"product-type-simple"},"_links":{"self":[{"href":"https:\/\/superoakway.eu\/en\/wp-json\/wp\/v2\/product\/1660","targetHints":{"allow":["GET"]}}],"collection":[{"href":"https:\/\/superoakway.eu\/en\/wp-json\/wp\/v2\/product"}],"about":[{"href":"https:\/\/superoakway.eu\/en\/wp-json\/wp\/v2\/types\/product"}],"version-history":[{"count":5,"href":"https:\/\/superoakway.eu\/en\/wp-json\/wp\/v2\/product\/1660\/revisions"}],"predecessor-version":[{"id":2257,"href":"https:\/\/superoakway.eu\/en\/wp-json\/wp\/v2\/product\/1660\/revisions\/2257"}],"wp:featuredmedia":[{"embeddable":true,"href":"https:\/\/superoakway.eu\/en\/wp-json\/wp\/v2\/media\/1808"}],"wp:attachment":[{"href":"https:\/\/superoakway.eu\/en\/wp-json\/wp\/v2\/media?parent=1660"}],"wp:term":[{"taxonomy":"product_brand","embeddable":true,"href":"https:\/\/superoakway.eu\/en\/wp-json\/wp\/v2\/product_brand?post=1660"},{"taxonomy":"product_cat","embeddable":true,"href":"https:\/\/superoakway.eu\/en\/wp-json\/wp\/v2\/product_cat?post=1660"},{"taxonomy":"product_tag","embeddable":true,"href":"https:\/\/superoakway.eu\/en\/wp-json\/wp\/v2\/product_tag?post=1660"}],"curies":[{"name":"wp","href":"https:\/\/api.w.org\/{rel}","templated":true}]}}