{"id":1658,"date":"2025-10-18T17:42:11","date_gmt":"2025-10-18T15:42:11","guid":{"rendered":"https:\/\/superoakway.eu\/?post_type=product&#038;p=1658"},"modified":"2026-02-25T15:13:15","modified_gmt":"2026-02-25T14:13:15","slug":"hy60c1","status":"publish","type":"product","link":"https:\/\/superoakway.eu\/en\/product\/hy60c1\/","title":{"rendered":"HY60C1"},"content":{"rendered":"<h3>M\u0171szaki adatok<\/h3>\n<table border=\"0\" width=\"100%\" cellspacing=\"0\" cellpadding=\"0\">\n<tbody>\n<tr>\n<td>Operating weight<\/td>\n<td>6000 kg<\/td>\n<\/tr>\n<tr>\n<td>Bucket capacity<\/td>\n<td>0.22m\u00b3<\/td>\n<\/tr>\n<tr>\n<td>Fuel tank capacity<\/td>\n<td>100L<\/td>\n<\/tr>\n<tr>\n<td>Main pump rated pressure<\/td>\n<td>28 Mpa<\/td>\n<\/tr>\n<tr>\n<td>Main pump flow rate<\/td>\n<td>160 L\/min<\/td>\n<\/tr>\n<tr>\n<td>Track width<\/td>\n<td>400 mm<\/td>\n<\/tr>\n<\/tbody>\n<\/table>\n<h3>Engine \/ Dimensions<\/h3>\n<table border=\"0\" width=\"100%\" cellspacing=\"0\" cellpadding=\"0\">\n<tbody>\n<tr>\n<td>Model<\/td>\n<td>YANMAR 4TNV98C<\/td>\n<\/tr>\n<tr>\n<td>Power<\/td>\n<td>46.3kw\/2200rpm<\/td>\n<\/tr>\n<tr>\n<td>Max.climbing degree<\/td>\n<td>35\u00b0<\/td>\n<\/tr>\n<tr>\n<td>Travel speed<\/td>\n<td>2.2\/4.2 km\/h<\/td>\n<\/tr>\n<tr>\n<td>Working pressure<\/td>\n<td>32 MPa<\/td>\n<\/tr>\n<tr>\n<td>Rotation speed<\/td>\n<td>9.5 r\/min<\/td>\n<\/tr>\n<tr>\n<td>Track ground pressure<\/td>\n<td>33.5 kpa<\/td>\n<\/tr>\n<\/tbody>\n<\/table>\n<h3>Performance<\/h3>\n<table border=\"0\" width=\"100%\" cellspacing=\"0\" cellpadding=\"0\">\n<tbody>\n<tr>\n<td>Max.digging height<\/td>\n<td>5750 mm<\/td>\n<\/tr>\n<tr>\n<td>Max.dumping height<\/td>\n<td>3980 mm<\/td>\n<\/tr>\n<tr>\n<td>Max.digging depth<\/td>\n<td>3860 mm<\/td>\n<\/tr>\n<tr>\n<td>Max.digging radius<\/td>\n<td>6170 mm<\/td>\n<\/tr>\n<tr>\n<td>Digging force of bucket arm<\/td>\n<td>30.5kN<\/td>\n<\/tr>\n<tr>\n<td>Bucket digging force<\/td>\n<td>42kN<\/td>\n<\/tr>\n<\/tbody>\n<\/table>","protected":false},"excerpt":{"rendered":"<p>Small excavators are highly suitable for use on farms, in orchards, on small construction sites, and in rural households. Their applications include agricultural trenching, renovation of flush toilets, digging trenches for greenhouses, and restoration of green areas, among others.<\/p>\n<p>Engine: <strong>YANMAR 498 Euro 5<\/strong><br \/>\nOperating weight: <strong>6000kg<\/strong><br \/>\nBucket capacity: <strong>0.22m\u00b3<\/strong><br \/>\nDimensions: <strong>5960 x 1960 x 1995 mm<\/strong><\/p>\n<p><strong>RENDELHET\u0150!<\/strong><\/p>","protected":false},"featured_media":2197,"template":"","meta":{"slim_seo":{"title":"HY60C1 - Oakway","description":"A kis kotr\u00f3g\u00e9pek nagyon alkalmasak gazdas\u00e1gokban, gy\u00fcm\u00f6lcs\u00f6s\u00f6kben, kisebb \u00e9p\u00edtkez\u00e9seken \u00e9s vid\u00e9ki h\u00e1ztart\u00e1sokban val\u00f3 haszn\u00e1latra. Alkalmaz\u00e1si ter\u00fcleteik k\u00f6z\u00e9 t"}},"product_brand":[],"product_cat":[26],"product_tag":[],"class_list":{"0":"post-1658","1":"product","2":"type-product","3":"status-publish","4":"has-post-thumbnail","6":"product_cat-minikotrok","8":"first","9":"instock","10":"taxable","11":"shipping-taxable","12":"product-type-simple"},"_links":{"self":[{"href":"https:\/\/superoakway.eu\/en\/wp-json\/wp\/v2\/product\/1658","targetHints":{"allow":["GET"]}}],"collection":[{"href":"https:\/\/superoakway.eu\/en\/wp-json\/wp\/v2\/product"}],"about":[{"href":"https:\/\/superoakway.eu\/en\/wp-json\/wp\/v2\/types\/product"}],"version-history":[{"count":10,"href":"https:\/\/superoakway.eu\/en\/wp-json\/wp\/v2\/product\/1658\/revisions"}],"predecessor-version":[{"id":2212,"href":"https:\/\/superoakway.eu\/en\/wp-json\/wp\/v2\/product\/1658\/revisions\/2212"}],"wp:featuredmedia":[{"embeddable":true,"href":"https:\/\/superoakway.eu\/en\/wp-json\/wp\/v2\/media\/2197"}],"wp:attachment":[{"href":"https:\/\/superoakway.eu\/en\/wp-json\/wp\/v2\/media?parent=1658"}],"wp:term":[{"taxonomy":"product_brand","embeddable":true,"href":"https:\/\/superoakway.eu\/en\/wp-json\/wp\/v2\/product_brand?post=1658"},{"taxonomy":"product_cat","embeddable":true,"href":"https:\/\/superoakway.eu\/en\/wp-json\/wp\/v2\/product_cat?post=1658"},{"taxonomy":"product_tag","embeddable":true,"href":"https:\/\/superoakway.eu\/en\/wp-json\/wp\/v2\/product_tag?post=1658"}],"curies":[{"name":"wp","href":"https:\/\/api.w.org\/{rel}","templated":true}]}}