{"id":1656,"date":"2025-10-18T17:41:45","date_gmt":"2025-10-18T15:41:45","guid":{"rendered":"https:\/\/superoakway.eu\/?post_type=product&#038;p=1656"},"modified":"2026-02-25T15:13:44","modified_gmt":"2026-02-25T14:13:44","slug":"hy40c1","status":"publish","type":"product","link":"https:\/\/superoakway.eu\/en\/product\/hy40c1\/","title":{"rendered":"HY40C1"},"content":{"rendered":"<h3>M\u0171szaki adatok<\/h3>\n<table border=\"0\" width=\"100%\" cellspacing=\"0\" cellpadding=\"0\">\n<tbody>\n<tr>\n<td>Operating weight<\/td>\n<td>4000 kg<\/td>\n<\/tr>\n<tr>\n<td>Bucket capacity<\/td>\n<td>0.12m\u00b3<\/td>\n<\/tr>\n<tr>\n<td>Fuel tank capacity<\/td>\n<td>41L<\/td>\n<\/tr>\n<tr>\n<td>Main pump pressure<\/td>\n<td>99 Mpa<\/td>\n<\/tr>\n<tr>\n<td>Rated pressure<\/td>\n<td>100 Mpa<\/td>\n<\/tr>\n<tr>\n<td>Track width<\/td>\n<td>300 mm<\/td>\n<\/tr>\n<\/tbody>\n<\/table>\n<h3>Engine \/ Dimensions<\/h3>\n<table border=\"0\" width=\"100%\" cellspacing=\"0\" cellpadding=\"0\">\n<tbody>\n<tr>\n<td>Model<\/td>\n<td>YANMAR 3TNV88F<\/td>\n<\/tr>\n<tr>\n<td>Performance<\/td>\n<td>18.2kw\/2200rpm<\/td>\n<\/tr>\n<tr>\n<td>Maximum gradeability<\/td>\n<td>35\u00b0<\/td>\n<\/tr>\n<tr>\n<td>Swing speed<\/td>\n<td>2.7\/4.5 km\/h<\/td>\n<\/tr>\n<tr>\n<td>Traction force<\/td>\n<td>38.5kN<\/td>\n<\/tr>\n<tr>\n<td>Tail swing radius<\/td>\n<td>9.5 r\/min<\/td>\n<\/tr>\n<tr>\n<td>Drive type<\/td>\n<td>Hydraulic<\/td>\n<\/tr>\n<\/tbody>\n<\/table>\n<h3>Performance<\/h3>\n<table border=\"0\" width=\"100%\" cellspacing=\"0\" cellpadding=\"0\">\n<tbody>\n<tr>\n<td>Maximum digging height<\/td>\n<td>4920 mm<\/td>\n<\/tr>\n<tr>\n<td>Maximum dumping height<\/td>\n<td>3490 mm<\/td>\n<\/tr>\n<tr>\n<td>Maximum digging depth<\/td>\n<td>3165 mm<\/td>\n<\/tr>\n<tr>\n<td>Maximum digging radius<\/td>\n<td>5260 mm<\/td>\n<\/tr>\n<tr>\n<td>Boom digging force<\/td>\n<td>24kN<\/td>\n<\/tr>\n<tr>\n<td>Bucket digging force<\/td>\n<td>30kN<\/td>\n<\/tr>\n<\/tbody>\n<\/table>","protected":false},"excerpt":{"rendered":"<p>Small excavators are ideal for use on farms, in orchards, on small construction sites, and in rural households. Their applications include agricultural trenching, renovation of flush toilets, digging trenches for greenhouses, and restoration of green areas, among others.<\/p>\n<p>Engine: <strong>YANMAR 388 Euro 5<\/strong><br \/>\nOperating weight: <strong>4000 kg<\/strong><br \/>\nBucket capacity: <strong>0,12 m\u00b3<\/strong><br \/>\nDimensions: <strong>4945 \u00d7 1700 \u00d7 2585 mm<\/strong><\/p>\n<p><strong>RENDELHET\u0150!<\/strong><\/p>\n<p>&nbsp;<\/p>","protected":false},"featured_media":2200,"template":"","meta":{"slim_seo":{"title":"HY40C1 - Oakway","description":"A kis kotr\u00f3g\u00e9pek kiv\u00e1l\u00f3an alkalmasak gazdas\u00e1gokban, gy\u00fcm\u00f6lcs\u00f6s\u00f6kben, kisebb \u00e9p\u00edtkez\u00e9seken \u00e9s vid\u00e9ki h\u00e1ztart\u00e1sokban t\u00f6rt\u00e9n\u0151 haszn\u00e1latra. Az alkalmaz\u00e1si ter\u00fcletek"}},"product_brand":[],"product_cat":[26],"product_tag":[],"class_list":{"0":"post-1656","1":"product","2":"type-product","3":"status-publish","4":"has-post-thumbnail","6":"product_cat-minikotrok","8":"first","9":"instock","10":"taxable","11":"shipping-taxable","12":"product-type-simple"},"_links":{"self":[{"href":"https:\/\/superoakway.eu\/en\/wp-json\/wp\/v2\/product\/1656","targetHints":{"allow":["GET"]}}],"collection":[{"href":"https:\/\/superoakway.eu\/en\/wp-json\/wp\/v2\/product"}],"about":[{"href":"https:\/\/superoakway.eu\/en\/wp-json\/wp\/v2\/types\/product"}],"version-history":[{"count":10,"href":"https:\/\/superoakway.eu\/en\/wp-json\/wp\/v2\/product\/1656\/revisions"}],"predecessor-version":[{"id":2189,"href":"https:\/\/superoakway.eu\/en\/wp-json\/wp\/v2\/product\/1656\/revisions\/2189"}],"wp:featuredmedia":[{"embeddable":true,"href":"https:\/\/superoakway.eu\/en\/wp-json\/wp\/v2\/media\/2200"}],"wp:attachment":[{"href":"https:\/\/superoakway.eu\/en\/wp-json\/wp\/v2\/media?parent=1656"}],"wp:term":[{"taxonomy":"product_brand","embeddable":true,"href":"https:\/\/superoakway.eu\/en\/wp-json\/wp\/v2\/product_brand?post=1656"},{"taxonomy":"product_cat","embeddable":true,"href":"https:\/\/superoakway.eu\/en\/wp-json\/wp\/v2\/product_cat?post=1656"},{"taxonomy":"product_tag","embeddable":true,"href":"https:\/\/superoakway.eu\/en\/wp-json\/wp\/v2\/product_tag?post=1656"}],"curies":[{"name":"wp","href":"https:\/\/api.w.org\/{rel}","templated":true}]}}