{"id":1654,"date":"2025-10-18T17:41:16","date_gmt":"2025-10-18T15:41:16","guid":{"rendered":"https:\/\/superoakway.eu\/?post_type=product&#038;p=1654"},"modified":"2026-02-25T15:14:27","modified_gmt":"2026-02-25T14:14:27","slug":"hy25c2","status":"publish","type":"product","link":"https:\/\/superoakway.eu\/en\/product\/hy25c2\/","title":{"rendered":"HY25C2"},"content":{"rendered":"<h3>M\u0171szaki adatok<\/h3>\n<table border=\"0\" width=\"100%\" cellspacing=\"0\" cellpadding=\"0\">\n<tbody>\n<tr>\n<td>Operating weight<\/td>\n<td>2500 kg<\/td>\n<\/tr>\n<tr>\n<td>Bucket capacity<\/td>\n<td>0.066m\u00b3<\/td>\n<\/tr>\n<tr>\n<td>Fuel tank capacity<\/td>\n<td>460mm<\/td>\n<\/tr>\n<tr>\n<td>Main pump pressure<\/td>\n<td>18.4KN<\/td>\n<\/tr>\n<tr>\n<td>Rated pressure<\/td>\n<td>58(30)\u00b0<\/td>\n<\/tr>\n<tr>\n<td>Track width<\/td>\n<td>1440*280 mm<\/td>\n<\/tr>\n<\/tbody>\n<\/table>\n<h3>Engine \/ Dimensions<\/h3>\n<table border=\"0\" width=\"100%\" cellspacing=\"0\" cellpadding=\"0\">\n<tbody>\n<tr>\n<td>Model<\/td>\n<td>Yanmar 380F Euro5<\/td>\n<\/tr>\n<tr>\n<td>Travel speed<\/td>\n<td>2.4\/4.2 km\/h<\/td>\n<\/tr>\n<tr>\n<td>Maximum gradeability<\/td>\n<td>1.115L(cc)<\/td>\n<\/tr>\n<tr>\n<td>Swing speed<\/td>\n<td>9.2r\/min<\/td>\n<\/tr>\n<tr>\n<td>Traction force<\/td>\n<td>1850 mm<\/td>\n<\/tr>\n<tr>\n<td>Tail swing radius<\/td>\n<td>4100 mm<\/td>\n<\/tr>\n<tr>\n<td>Drive type<\/td>\n<td>75\/55\u00b0<\/td>\n<\/tr>\n<\/tbody>\n<\/table>\n<h3>Performance<\/h3>\n<table border=\"0\" width=\"100%\" cellspacing=\"0\" cellpadding=\"0\">\n<tbody>\n<tr>\n<td>Maximum digging height<\/td>\n<td>3700 mm<\/td>\n<\/tr>\n<tr>\n<td>Maximum dumping height<\/td>\n<td>2500 mm<\/td>\n<\/tr>\n<tr>\n<td>Maximum digging depth<\/td>\n<td>2430 mm<\/td>\n<\/tr>\n<tr>\n<td>Maximum digging radius<\/td>\n<td>1850 mm<\/td>\n<\/tr>\n<tr>\n<td>Boom digging force<\/td>\n<td>270 mm<\/td>\n<\/tr>\n<tr>\n<td>Bucket digging force<\/td>\n<td>340 mm<\/td>\n<\/tr>\n<\/tbody>\n<\/table>","protected":false},"excerpt":{"rendered":"<p>Small excavators are ideal for use on farms, in orchards, on small construction sites, and in rural households. Their applications include agricultural trenching, renovation of flush toilets, digging trenches for greenhouses, and restoration of green areas, among others.<\/p>\n<p>Motor\uff1a <strong>YANMAR 380F Euro 5<\/strong><br \/>\nOperating weight: <strong>2500 kg<\/strong><br \/>\nBucket capacity: <strong>0,066 m\u00b3<\/strong><br \/>\nDimensions: <strong>3730 \u00d7 1280 \u00d7 2240 mm<\/strong><\/p>\n<p><strong>RENDELHET\u0150!<\/strong><\/p>","protected":false},"featured_media":2203,"template":"","meta":{"slim_seo":{"title":"HY25C2 - Oakway","description":"A kis kotr\u00f3g\u00e9pek kiv\u00e1l\u00f3an alkalmasak gazdas\u00e1gokban, gy\u00fcm\u00f6lcs\u00f6s\u00f6kben, kisebb \u00e9p\u00edtkez\u00e9seken \u00e9s vid\u00e9ki h\u00e1ztart\u00e1sokban t\u00f6rt\u00e9n\u0151 haszn\u00e1latra. Az alkalmaz\u00e1si ter\u00fcletek"}},"product_brand":[],"product_cat":[26],"product_tag":[],"class_list":{"0":"post-1654","1":"product","2":"type-product","3":"status-publish","4":"has-post-thumbnail","6":"product_cat-minikotrok","8":"first","9":"instock","10":"taxable","11":"shipping-taxable","12":"product-type-simple"},"_links":{"self":[{"href":"https:\/\/superoakway.eu\/en\/wp-json\/wp\/v2\/product\/1654","targetHints":{"allow":["GET"]}}],"collection":[{"href":"https:\/\/superoakway.eu\/en\/wp-json\/wp\/v2\/product"}],"about":[{"href":"https:\/\/superoakway.eu\/en\/wp-json\/wp\/v2\/types\/product"}],"version-history":[{"count":7,"href":"https:\/\/superoakway.eu\/en\/wp-json\/wp\/v2\/product\/1654\/revisions"}],"predecessor-version":[{"id":2194,"href":"https:\/\/superoakway.eu\/en\/wp-json\/wp\/v2\/product\/1654\/revisions\/2194"}],"wp:featuredmedia":[{"embeddable":true,"href":"https:\/\/superoakway.eu\/en\/wp-json\/wp\/v2\/media\/2203"}],"wp:attachment":[{"href":"https:\/\/superoakway.eu\/en\/wp-json\/wp\/v2\/media?parent=1654"}],"wp:term":[{"taxonomy":"product_brand","embeddable":true,"href":"https:\/\/superoakway.eu\/en\/wp-json\/wp\/v2\/product_brand?post=1654"},{"taxonomy":"product_cat","embeddable":true,"href":"https:\/\/superoakway.eu\/en\/wp-json\/wp\/v2\/product_cat?post=1654"},{"taxonomy":"product_tag","embeddable":true,"href":"https:\/\/superoakway.eu\/en\/wp-json\/wp\/v2\/product_tag?post=1654"}],"curies":[{"name":"wp","href":"https:\/\/api.w.org\/{rel}","templated":true}]}}