{"id":1651,"date":"2025-10-18T17:06:42","date_gmt":"2025-10-18T15:06:42","guid":{"rendered":"https:\/\/superoakway.eu\/?post_type=product&#038;p=1651"},"modified":"2026-02-25T14:41:15","modified_gmt":"2026-02-25T13:41:15","slug":"hy20f1","status":"publish","type":"product","link":"https:\/\/superoakway.eu\/en\/product\/hy20f1\/","title":{"rendered":"HY20F1 yellow mini excavator"},"content":{"rendered":"","protected":false},"excerpt":{"rendered":"<p><a href=\"https:\/\/superoakway.eu\/wp-content\/uploads\/HY20F1-technical.pdf\" target=\"_blank\" rel=\"noopener\">Documentation<\/a><\/p>\n<p>FEATURES: <strong>Hengli hidraulikarendszer, oldalir\u00e1ny\u00fa leng\u00e9s, k\u00e9tfokozat\u00fa sebess\u00e9g, teleszk\u00f3pos, ac\u00e9l l\u00e1nctalp<\/strong><br \/>\nACCESSORY: <strong>Hidraulikus gyorscsatlakoz\u00f3<\/strong><\/p>\n<p data-start=\"3459\" data-end=\"3493\">Engine: <strong>Laidong 385 \/ Kubota D902<\/strong><br \/>\nTravel speed <strong>18,8 kW \/ 11,8 kW<\/strong><br \/>\nBucket capacity: <strong>0,04 m\u00b3<\/strong><br \/>\nMaximum dumping height: <strong>2442 mm<\/strong><br \/>\nMaximum digging depth: <strong>2270 mm<\/strong><br \/>\nOperating weight: <strong>2000 kg<\/strong><br \/>\nOverall dimensions (L\u00d7W\u00d7H): <strong>3468\u00d71250\u00d72272 mm<\/strong><br \/>\nTrack length: <strong>1546 mm<\/strong><br \/>\nTrack width: <strong>230 mm<\/strong><\/p>","protected":false},"featured_media":1801,"template":"","meta":{"slim_seo":{"title":"HY20F1 s\u00e1rga-fekete minikotr\u00f3 - Oakway","description":"Dokument\u00e1ci\u00f3 FELSZERELTS\u00c9G: Hengli hidraulikarendszer, oldalir\u00e1ny\u00fa leng\u00e9s, k\u00e9tfokozat\u00fa sebess\u00e9g, teleszk\u00f3pos, ac\u00e9l l\u00e1nctalp TARTOZ\u00c9K: Hidraulikus gyorscsatlakoz"}},"product_brand":[],"product_cat":[26],"product_tag":[],"class_list":{"0":"post-1651","1":"product","2":"type-product","3":"status-publish","4":"has-post-thumbnail","6":"product_cat-minikotrok","8":"first","9":"instock","10":"taxable","11":"shipping-taxable","12":"purchasable","13":"product-type-simple"},"_links":{"self":[{"href":"https:\/\/superoakway.eu\/en\/wp-json\/wp\/v2\/product\/1651","targetHints":{"allow":["GET"]}}],"collection":[{"href":"https:\/\/superoakway.eu\/en\/wp-json\/wp\/v2\/product"}],"about":[{"href":"https:\/\/superoakway.eu\/en\/wp-json\/wp\/v2\/types\/product"}],"version-history":[{"count":5,"href":"https:\/\/superoakway.eu\/en\/wp-json\/wp\/v2\/product\/1651\/revisions"}],"predecessor-version":[{"id":2258,"href":"https:\/\/superoakway.eu\/en\/wp-json\/wp\/v2\/product\/1651\/revisions\/2258"}],"wp:featuredmedia":[{"embeddable":true,"href":"https:\/\/superoakway.eu\/en\/wp-json\/wp\/v2\/media\/1801"}],"wp:attachment":[{"href":"https:\/\/superoakway.eu\/en\/wp-json\/wp\/v2\/media?parent=1651"}],"wp:term":[{"taxonomy":"product_brand","embeddable":true,"href":"https:\/\/superoakway.eu\/en\/wp-json\/wp\/v2\/product_brand?post=1651"},{"taxonomy":"product_cat","embeddable":true,"href":"https:\/\/superoakway.eu\/en\/wp-json\/wp\/v2\/product_cat?post=1651"},{"taxonomy":"product_tag","embeddable":true,"href":"https:\/\/superoakway.eu\/en\/wp-json\/wp\/v2\/product_tag?post=1651"}],"curies":[{"name":"wp","href":"https:\/\/api.w.org\/{rel}","templated":true}]}}