{"id":1647,"date":"2025-10-18T17:05:50","date_gmt":"2025-10-18T15:05:50","guid":{"rendered":"https:\/\/superoakway.eu\/?post_type=product&#038;p=1647"},"modified":"2026-02-25T14:42:01","modified_gmt":"2026-02-25T13:42:01","slug":"hy18d1","status":"publish","type":"product","link":"https:\/\/superoakway.eu\/en\/product\/hy18d1\/","title":{"rendered":"HY18D1 yellow mini excavator"},"content":{"rendered":"","protected":false},"excerpt":{"rendered":"<p><a href=\"https:\/\/superoakway.eu\/wp-content\/uploads\/HY18D1-technical.pdf\" target=\"_blank\" rel=\"noopener\">Documentation<\/a><\/p>\n<p>FEATURES:\u00a0<strong>Joystick (pilot), oldalir\u00e1ny\u00fa leng\u00e9s<\/strong><br \/>\nACCESSORY:\u00a0<strong>F\u00e9lautomata gyorscsatlakoz\u00f3<\/strong><\/p>\n<p>Engine:\u00a0<strong>Laidong 385 \/ Kubota D722<\/strong><br \/>\nTravel speed\u00a0<strong>18,8 kW \/ 10,2 kW<\/strong><br \/>\nBucket capacity:\u00a0<strong>0,03 m\u00b3<\/strong><br \/>\nMaximum dumping height:\u00a0<strong>2285 mm<\/strong><br \/>\nMaximum digging depth:\u00a0<strong>2050 mm<\/strong><br \/>\nOperating weight:\u00a0<strong>1800 kg<\/strong><br \/>\nOverall dimensions (L\u00d7W\u00d7H):\u00a0<strong>3110\u00d71100\u00d72280 mm<\/strong><br \/>\nTrack length:\u00a0<strong>1472 mm<\/strong><br \/>\nTrack width:\u00a0<strong>230 mm<\/strong><\/p>","protected":false},"featured_media":1785,"template":"","meta":{"slim_seo":{"title":"HY18D1 s\u00e1rga minikotr\u00f3 - Oakway","description":"Dokument\u00e1ci\u00f3 FELSZERELTS\u00c9G:\u00a0 Joystick (pilot), oldalir\u00e1ny\u00fa leng\u00e9s TARTOZ\u00c9K:\u00a0 F\u00e9lautomata gyorscsatlakoz\u00f3 Motor:\u00a0 Laidong 385 \/ Kubota D722 Teljes\u00edtm\u00e9ny:\u00a0 18,8 k"}},"product_brand":[],"product_cat":[26],"product_tag":[],"class_list":{"0":"post-1647","1":"product","2":"type-product","3":"status-publish","4":"has-post-thumbnail","6":"product_cat-minikotrok","8":"first","9":"instock","10":"taxable","11":"shipping-taxable","12":"purchasable","13":"product-type-simple"},"_links":{"self":[{"href":"https:\/\/superoakway.eu\/en\/wp-json\/wp\/v2\/product\/1647","targetHints":{"allow":["GET"]}}],"collection":[{"href":"https:\/\/superoakway.eu\/en\/wp-json\/wp\/v2\/product"}],"about":[{"href":"https:\/\/superoakway.eu\/en\/wp-json\/wp\/v2\/types\/product"}],"version-history":[{"count":4,"href":"https:\/\/superoakway.eu\/en\/wp-json\/wp\/v2\/product\/1647\/revisions"}],"predecessor-version":[{"id":2259,"href":"https:\/\/superoakway.eu\/en\/wp-json\/wp\/v2\/product\/1647\/revisions\/2259"}],"wp:featuredmedia":[{"embeddable":true,"href":"https:\/\/superoakway.eu\/en\/wp-json\/wp\/v2\/media\/1785"}],"wp:attachment":[{"href":"https:\/\/superoakway.eu\/en\/wp-json\/wp\/v2\/media?parent=1647"}],"wp:term":[{"taxonomy":"product_brand","embeddable":true,"href":"https:\/\/superoakway.eu\/en\/wp-json\/wp\/v2\/product_brand?post=1647"},{"taxonomy":"product_cat","embeddable":true,"href":"https:\/\/superoakway.eu\/en\/wp-json\/wp\/v2\/product_cat?post=1647"},{"taxonomy":"product_tag","embeddable":true,"href":"https:\/\/superoakway.eu\/en\/wp-json\/wp\/v2\/product_tag?post=1647"}],"curies":[{"name":"wp","href":"https:\/\/api.w.org\/{rel}","templated":true}]}}