{"id":1639,"date":"2025-10-18T17:04:13","date_gmt":"2025-10-18T15:04:13","guid":{"rendered":"https:\/\/superoakway.eu\/?post_type=product&#038;p=1639"},"modified":"2026-02-25T15:18:01","modified_gmt":"2026-02-25T14:18:01","slug":"hy12q4","status":"publish","type":"product","link":"https:\/\/superoakway.eu\/en\/product\/hy12q4\/","title":{"rendered":"HY12Q4 blue mini excavator"},"content":{"rendered":"","protected":false},"excerpt":{"rendered":"<p><a href=\"https:\/\/superoakway.eu\/wp-content\/uploads\/HY12Q3-technical.pdf\" target=\"_blank\" rel=\"noopener\">Documentation<\/a><\/p>\n<p>FEATURES:\u00a0<strong>Joystick (pilot), oldalir\u00e1ny\u00fa leng\u00e9s, teleszk\u00f3pos alv\u00e1z<\/strong><br \/>\nACCESSORY:\u00a0<strong>F\u00e9lautomata gyorscsatlakoz\u00f3<\/strong><\/p>\n<p>Engine:\u00a0<strong>Koop \/ Kubota \/ Briggs &amp; Stratton<\/strong><br \/>\nTravel speed\u00a0<strong>7,6 kW \/ 10,2 kW \/ 9,9 kW<\/strong><br \/>\nBucket capacity:\u00a0<strong>0,022 m\u00b3<\/strong><br \/>\nMaximum dumping height:\u00a0<strong>1745 mm<\/strong><br \/>\nMaximum digging depth:\u00a0<strong>1760 mm<\/strong><br \/>\nOperating weight:\u00a0<strong>1200 kg<\/strong><br \/>\nOverall dimensions (L\u00d7W\u00d7H):\u00a0<strong>2870\u00d7930\u00d72285 mm<\/strong><br \/>\nTrack length:\u00a0<strong>1200 mm<\/strong><br \/>\nTrack width:\u00a0<strong>180 mm<\/strong><\/p>\n<p><strong>RENDELHET\u0150!<\/strong><\/p>","protected":false},"featured_media":1752,"template":"","meta":{"slim_seo":{"title":"HY12Q4 k\u00e9k minikotr\u00f3 - Oakway","description":"Dokument\u00e1ci\u00f3 FELSZERELTS\u00c9G:\u00a0 Joystick (pilot), oldalir\u00e1ny\u00fa leng\u00e9s, teleszk\u00f3pos alv\u00e1z TARTOZ\u00c9K:\u00a0 F\u00e9lautomata gyorscsatlakoz\u00f3 Motor:\u00a0 Koop \/ Kubota \/ Briggs &amp;"}},"product_brand":[],"product_cat":[26],"product_tag":[],"class_list":{"0":"post-1639","1":"product","2":"type-product","3":"status-publish","4":"has-post-thumbnail","6":"product_cat-minikotrok","8":"first","9":"instock","10":"taxable","11":"shipping-taxable","12":"product-type-simple"},"_links":{"self":[{"href":"https:\/\/superoakway.eu\/en\/wp-json\/wp\/v2\/product\/1639","targetHints":{"allow":["GET"]}}],"collection":[{"href":"https:\/\/superoakway.eu\/en\/wp-json\/wp\/v2\/product"}],"about":[{"href":"https:\/\/superoakway.eu\/en\/wp-json\/wp\/v2\/types\/product"}],"version-history":[{"count":5,"href":"https:\/\/superoakway.eu\/en\/wp-json\/wp\/v2\/product\/1639\/revisions"}],"predecessor-version":[{"id":2234,"href":"https:\/\/superoakway.eu\/en\/wp-json\/wp\/v2\/product\/1639\/revisions\/2234"}],"wp:featuredmedia":[{"embeddable":true,"href":"https:\/\/superoakway.eu\/en\/wp-json\/wp\/v2\/media\/1752"}],"wp:attachment":[{"href":"https:\/\/superoakway.eu\/en\/wp-json\/wp\/v2\/media?parent=1639"}],"wp:term":[{"taxonomy":"product_brand","embeddable":true,"href":"https:\/\/superoakway.eu\/en\/wp-json\/wp\/v2\/product_brand?post=1639"},{"taxonomy":"product_cat","embeddable":true,"href":"https:\/\/superoakway.eu\/en\/wp-json\/wp\/v2\/product_cat?post=1639"},{"taxonomy":"product_tag","embeddable":true,"href":"https:\/\/superoakway.eu\/en\/wp-json\/wp\/v2\/product_tag?post=1639"}],"curies":[{"name":"wp","href":"https:\/\/api.w.org\/{rel}","templated":true}]}}