{"id":1635,"date":"2025-10-18T17:03:11","date_gmt":"2025-10-18T15:03:11","guid":{"rendered":"https:\/\/superoakway.eu\/?post_type=product&#038;p=1635"},"modified":"2026-02-25T14:49:53","modified_gmt":"2026-02-25T13:49:53","slug":"hy12m3","status":"publish","type":"product","link":"https:\/\/superoakway.eu\/en\/product\/hy12m3\/","title":{"rendered":"HY12M3 blue mini excavator"},"content":{"rendered":"","protected":false},"excerpt":{"rendered":"<p><a href=\"https:\/\/superoakway.eu\/wp-content\/uploads\/HY12M3-technical.pdf\" target=\"_blank\" rel=\"noopener\">Documentation<\/a><\/p>\n<p>FEATURES:\u00a0<strong>Joystick (pilot), oldalir\u00e1ny\u00fa leng\u00e9s<\/strong><br \/>\nACCESSORY:\u00a0<strong>F\u00e9lautomata gyorscsatlakoz\u00f3<\/strong><\/p>\n<p>Engine:\u00a0<strong>Koop \/ Kubota \/ Briggs &amp; Stratton<\/strong><br \/>\nTravel speed\u00a0<strong>7,6 kW \/ 10,2 kW \/ 9,9 kW<\/strong><br \/>\nBucket capacity:\u00a0<strong>0,022 m\u00b3<\/strong><br \/>\nMaximum dumping height:\u00a0<strong>1745 mm<\/strong><br \/>\nMaximum digging depth:\u00a0<strong>1760 mm<\/strong><br \/>\nOperating weight:\u00a0<strong>1200 kg<\/strong><br \/>\nOverall dimensions (L\u00d7W\u00d7H):\u00a0<strong>2870\u00d7930\u00d72285 mm<\/strong><br \/>\nTrack length:\u00a0<strong>1200 mm<\/strong><br \/>\nTrack width:\u00a0<strong>180 mm<\/strong><\/p>","protected":false},"featured_media":1737,"template":"","meta":{"slim_seo":{"title":"HY12M3 k\u00e9k minikotr\u00f3 - Oakway","description":"Dokument\u00e1ci\u00f3 FELSZERELTS\u00c9G:\u00a0 Joystick (pilot), oldalir\u00e1ny\u00fa leng\u00e9s TARTOZ\u00c9K:\u00a0 F\u00e9lautomata gyorscsatlakoz\u00f3 Motor:\u00a0 Koop \/ Kubota \/ Briggs &amp; Stratton Teljes\u00edtm"}},"product_brand":[],"product_cat":[26],"product_tag":[],"class_list":{"0":"post-1635","1":"product","2":"type-product","3":"status-publish","4":"has-post-thumbnail","6":"product_cat-minikotrok","8":"first","9":"instock","10":"taxable","11":"shipping-taxable","12":"purchasable","13":"product-type-simple"},"_links":{"self":[{"href":"https:\/\/superoakway.eu\/en\/wp-json\/wp\/v2\/product\/1635","targetHints":{"allow":["GET"]}}],"collection":[{"href":"https:\/\/superoakway.eu\/en\/wp-json\/wp\/v2\/product"}],"about":[{"href":"https:\/\/superoakway.eu\/en\/wp-json\/wp\/v2\/types\/product"}],"version-history":[{"count":5,"href":"https:\/\/superoakway.eu\/en\/wp-json\/wp\/v2\/product\/1635\/revisions"}],"predecessor-version":[{"id":1736,"href":"https:\/\/superoakway.eu\/en\/wp-json\/wp\/v2\/product\/1635\/revisions\/1736"}],"wp:featuredmedia":[{"embeddable":true,"href":"https:\/\/superoakway.eu\/en\/wp-json\/wp\/v2\/media\/1737"}],"wp:attachment":[{"href":"https:\/\/superoakway.eu\/en\/wp-json\/wp\/v2\/media?parent=1635"}],"wp:term":[{"taxonomy":"product_brand","embeddable":true,"href":"https:\/\/superoakway.eu\/en\/wp-json\/wp\/v2\/product_brand?post=1635"},{"taxonomy":"product_cat","embeddable":true,"href":"https:\/\/superoakway.eu\/en\/wp-json\/wp\/v2\/product_cat?post=1635"},{"taxonomy":"product_tag","embeddable":true,"href":"https:\/\/superoakway.eu\/en\/wp-json\/wp\/v2\/product_tag?post=1635"}],"curies":[{"name":"wp","href":"https:\/\/api.w.org\/{rel}","templated":true}]}}