{"id":1633,"date":"2025-10-18T17:02:52","date_gmt":"2025-10-18T15:02:52","guid":{"rendered":"https:\/\/superoakway.eu\/?post_type=product&#038;p=1633"},"modified":"2026-04-14T15:07:48","modified_gmt":"2026-04-14T13:07:48","slug":"hy12m2","status":"publish","type":"product","link":"https:\/\/superoakway.eu\/en\/product\/hy12m2\/","title":{"rendered":"HY12M2 blue mini excavator"},"content":{"rendered":"","protected":false},"excerpt":{"rendered":"<p>FEATURES: <strong>Mechanikus gyorscsatlakoz\u00f3<\/strong><br \/>\nACCESSORY: <strong>Mechanikus, oldalir\u00e1ny\u00fa leng\u00e9s<\/strong><\/p>\n<p>Engine:\u00a0<strong>Koop \/ Kubota \/ Briggs &amp; Stratton<\/strong><br \/>\nTravel speed\u00a0<strong>7,6 kW \/ 10,2 kW \/ 9,9 kW<\/strong><br \/>\nBucket capacity:\u00a0<strong>0,022 m\u00b3<\/strong><br \/>\nMaximum dumping height:\u00a0<strong>1745 mm<\/strong><br \/>\nMaximum digging depth:\u00a0<strong>1760 mm<\/strong><br \/>\nOperating weight:\u00a0<strong>1200 kg<\/strong><br \/>\nOverall dimensions (L\u00d7W\u00d7H):\u00a0<strong>2870\u00d7930\u00d72285 mm<\/strong><br \/>\nTrack length:\u00a0<strong>1200 mm<\/strong><br \/>\nTrack width:\u00a0<strong>180 mm<\/strong><\/p>","protected":false},"featured_media":1722,"template":"","meta":{"slim_seo":{"title":"HY12M2 k\u00e9k minikotr\u00f3 - Oakway","description":"FELSZERELTS\u00c9G: Mechanikus gyorscsatlakoz\u00f3 TARTOZ\u00c9K: Mechanikus, oldalir\u00e1ny\u00fa leng\u00e9s Motor:\u00a0 Koop \/ Kubota \/ Briggs &amp; Stratton Teljes\u00edtm\u00e9ny:\u00a0 7,6 kW \/ 10,2 kW"}},"product_brand":[],"product_cat":[26],"product_tag":[],"class_list":{"0":"post-1633","1":"product","2":"type-product","3":"status-publish","4":"has-post-thumbnail","6":"product_cat-minikotrok","8":"first","9":"instock","10":"taxable","11":"shipping-taxable","12":"purchasable","13":"product-type-simple"},"_links":{"self":[{"href":"https:\/\/superoakway.eu\/en\/wp-json\/wp\/v2\/product\/1633","targetHints":{"allow":["GET"]}}],"collection":[{"href":"https:\/\/superoakway.eu\/en\/wp-json\/wp\/v2\/product"}],"about":[{"href":"https:\/\/superoakway.eu\/en\/wp-json\/wp\/v2\/types\/product"}],"version-history":[{"count":4,"href":"https:\/\/superoakway.eu\/en\/wp-json\/wp\/v2\/product\/1633\/revisions"}],"predecessor-version":[{"id":2044,"href":"https:\/\/superoakway.eu\/en\/wp-json\/wp\/v2\/product\/1633\/revisions\/2044"}],"wp:featuredmedia":[{"embeddable":true,"href":"https:\/\/superoakway.eu\/en\/wp-json\/wp\/v2\/media\/1722"}],"wp:attachment":[{"href":"https:\/\/superoakway.eu\/en\/wp-json\/wp\/v2\/media?parent=1633"}],"wp:term":[{"taxonomy":"product_brand","embeddable":true,"href":"https:\/\/superoakway.eu\/en\/wp-json\/wp\/v2\/product_brand?post=1633"},{"taxonomy":"product_cat","embeddable":true,"href":"https:\/\/superoakway.eu\/en\/wp-json\/wp\/v2\/product_cat?post=1633"},{"taxonomy":"product_tag","embeddable":true,"href":"https:\/\/superoakway.eu\/en\/wp-json\/wp\/v2\/product_tag?post=1633"}],"curies":[{"name":"wp","href":"https:\/\/api.w.org\/{rel}","templated":true}]}}