{"id":1627,"date":"2025-10-18T17:00:33","date_gmt":"2025-10-18T15:00:33","guid":{"rendered":"https:\/\/superoakway.eu\/?post_type=product&#038;p=1627"},"modified":"2026-02-25T15:24:06","modified_gmt":"2026-02-25T14:24:06","slug":"hy12d2","status":"publish","type":"product","link":"https:\/\/superoakway.eu\/en\/product\/hy12d2\/","title":{"rendered":"HY12D2 yellow mini excavator"},"content":{"rendered":"","protected":false},"excerpt":{"rendered":"<p><a href=\"https:\/\/superoakway.eu\/wp-content\/uploads\/HY12D2-technical.pdf\" target=\"_blank\" rel=\"noopener\">Documentation<\/a><\/p>\n<p>FEATURES:\u00a0<strong>Mechanikus, oldalir\u00e1ny\u00fa leng\u00e9s<\/strong><br \/>\nACCESSORY:\u00a0<strong>Mechanikus gyorscsatlakoz\u00f3<\/strong><\/p>\n<p data-start=\"1246\" data-end=\"1288\">Engine: <strong>Koop \/ Kubota \/ Briggs &amp; Stratton<\/strong><br \/>\nTravel speed <strong>7,6 kW \/ 10,2 kW \/ 9,9 kW<\/strong><br \/>\nBucket capacity: <strong>0,022 m\u00b3<\/strong><br \/>\nMaximum dumping height: <strong>1745 mm<\/strong><br \/>\nMaximum digging depth: <strong>1760 mm<\/strong><br \/>\nOperating weight: <strong>1200 kg<\/strong><br \/>\nOverall dimensions (L\u00d7W\u00d7H): <strong>2870\u00d7930\u00d72285 mm<\/strong><br \/>\nTrack length: <strong>1200 mm<\/strong><br \/>\nTrack width: <strong>180 mm<\/strong><\/p>\n<p data-start=\"1246\" data-end=\"1288\"><strong>RENDELHET\u0150!<\/strong><\/p>","protected":false},"featured_media":1697,"template":"","meta":{"slim_seo":{"title":"HY12D2 s\u00e1rga minikotr\u00f3 - Oakway","description":"Dokument\u00e1ci\u00f3 FELSZERELTS\u00c9G:\u00a0 Mechanikus, oldalir\u00e1ny\u00fa leng\u00e9s TARTOZ\u00c9K:\u00a0 Mechanikus gyorscsatlakoz\u00f3 Motor: Koop \/ Kubota \/ Briggs &amp; Stratton Teljes\u00edtm\u00e9ny: 7,6"}},"product_brand":[],"product_cat":[26],"product_tag":[],"class_list":{"0":"post-1627","1":"product","2":"type-product","3":"status-publish","4":"has-post-thumbnail","6":"product_cat-minikotrok","8":"first","9":"instock","10":"taxable","11":"shipping-taxable","12":"product-type-simple"},"_links":{"self":[{"href":"https:\/\/superoakway.eu\/en\/wp-json\/wp\/v2\/product\/1627","targetHints":{"allow":["GET"]}}],"collection":[{"href":"https:\/\/superoakway.eu\/en\/wp-json\/wp\/v2\/product"}],"about":[{"href":"https:\/\/superoakway.eu\/en\/wp-json\/wp\/v2\/types\/product"}],"version-history":[{"count":7,"href":"https:\/\/superoakway.eu\/en\/wp-json\/wp\/v2\/product\/1627\/revisions"}],"predecessor-version":[{"id":2239,"href":"https:\/\/superoakway.eu\/en\/wp-json\/wp\/v2\/product\/1627\/revisions\/2239"}],"wp:featuredmedia":[{"embeddable":true,"href":"https:\/\/superoakway.eu\/en\/wp-json\/wp\/v2\/media\/1697"}],"wp:attachment":[{"href":"https:\/\/superoakway.eu\/en\/wp-json\/wp\/v2\/media?parent=1627"}],"wp:term":[{"taxonomy":"product_brand","embeddable":true,"href":"https:\/\/superoakway.eu\/en\/wp-json\/wp\/v2\/product_brand?post=1627"},{"taxonomy":"product_cat","embeddable":true,"href":"https:\/\/superoakway.eu\/en\/wp-json\/wp\/v2\/product_cat?post=1627"},{"taxonomy":"product_tag","embeddable":true,"href":"https:\/\/superoakway.eu\/en\/wp-json\/wp\/v2\/product_tag?post=1627"}],"curies":[{"name":"wp","href":"https:\/\/api.w.org\/{rel}","templated":true}]}}