{"id":1618,"date":"2025-10-18T16:56:08","date_gmt":"2025-10-18T14:56:08","guid":{"rendered":"https:\/\/superoakway.eu\/?post_type=product&#038;p=1618"},"modified":"2026-02-25T15:25:23","modified_gmt":"2026-02-25T14:25:23","slug":"hy10n2-minikotro","status":"publish","type":"product","link":"https:\/\/superoakway.eu\/en\/product\/hy10n2-minikotro\/","title":{"rendered":"HY10N2 yellow mini excavator"},"content":{"rendered":"","protected":false},"excerpt":{"rendered":"<p><a href=\"https:\/\/superoakway.eu\/wp-content\/uploads\/HY10N2-technical.pdf\" target=\"_blank\" rel=\"noopener\">Documentation<\/a><\/p>\n<p>FEATURES:\u00a0<strong>Mechanikus, oldalir\u00e1ny\u00fa leng\u00e9s<\/strong><br \/>\nACCESSORY:\u00a0<strong>Mechanikus gyorscsatlakoz\u00f3<\/strong><\/p>\n<p data-start=\"538\" data-end=\"575\">Engine: <strong>Koop 192 \/ Briggs &amp; Stratton<\/strong><br \/>\nTravel speed <strong>7,6 kW \/ 9,9 kW<\/strong><br \/>\nBucket capacity: <strong>0,022 m\u00b3<\/strong><br \/>\nMaximum dumping height: <strong>1710 mm<\/strong><br \/>\nMaximum digging depth: <strong>1760 mm<\/strong><br \/>\nOperating weight: <strong>1000 kg<\/strong><br \/>\nOverall dimensions (L\u00d7W\u00d7H): <strong>2820\u00d7930\u00d72133 mm<\/strong><br \/>\nTrack length: <strong>1200 mm<\/strong><br \/>\nTrack width: <strong>180 mm<\/strong><\/p>\n<p data-start=\"538\" data-end=\"575\"><strong>RENDELHET\u0150!<\/strong><\/p>","protected":false},"featured_media":1620,"template":"","meta":{"slim_seo":{"title":"HY10N2 s\u00e1rga minikotr\u00f3 - Oakway","description":"Dokument\u00e1ci\u00f3 FELSZERELTS\u00c9G:\u00a0 Mechanikus, oldalir\u00e1ny\u00fa leng\u00e9s TARTOZ\u00c9K:\u00a0 Mechanikus gyorscsatlakoz\u00f3 Motor: Koop 192 \/ Briggs &amp; Stratton Teljes\u00edtm\u00e9ny: 7,6 kW \/"}},"product_brand":[],"product_cat":[26],"product_tag":[],"class_list":{"0":"post-1618","1":"product","2":"type-product","3":"status-publish","4":"has-post-thumbnail","6":"product_cat-minikotrok","8":"first","9":"instock","10":"taxable","11":"shipping-taxable","12":"product-type-simple"},"_links":{"self":[{"href":"https:\/\/superoakway.eu\/en\/wp-json\/wp\/v2\/product\/1618","targetHints":{"allow":["GET"]}}],"collection":[{"href":"https:\/\/superoakway.eu\/en\/wp-json\/wp\/v2\/product"}],"about":[{"href":"https:\/\/superoakway.eu\/en\/wp-json\/wp\/v2\/types\/product"}],"version-history":[{"count":12,"href":"https:\/\/superoakway.eu\/en\/wp-json\/wp\/v2\/product\/1618\/revisions"}],"predecessor-version":[{"id":1626,"href":"https:\/\/superoakway.eu\/en\/wp-json\/wp\/v2\/product\/1618\/revisions\/1626"}],"wp:featuredmedia":[{"embeddable":true,"href":"https:\/\/superoakway.eu\/en\/wp-json\/wp\/v2\/media\/1620"}],"wp:attachment":[{"href":"https:\/\/superoakway.eu\/en\/wp-json\/wp\/v2\/media?parent=1618"}],"wp:term":[{"taxonomy":"product_brand","embeddable":true,"href":"https:\/\/superoakway.eu\/en\/wp-json\/wp\/v2\/product_brand?post=1618"},{"taxonomy":"product_cat","embeddable":true,"href":"https:\/\/superoakway.eu\/en\/wp-json\/wp\/v2\/product_cat?post=1618"},{"taxonomy":"product_tag","embeddable":true,"href":"https:\/\/superoakway.eu\/en\/wp-json\/wp\/v2\/product_tag?post=1618"}],"curies":[{"name":"wp","href":"https:\/\/api.w.org\/{rel}","templated":true}]}}